{"id":1561,"date":"2025-12-02T14:00:16","date_gmt":"2025-12-02T12:00:16","guid":{"rendered":"https:\/\/studioshimmer.fi\/?page_id=1561"},"modified":"2026-01-15T15:54:54","modified_gmt":"2026-01-15T13:54:54","slug":"elementor-sivu-1561","status":"publish","type":"page","link":"https:\/\/studioshimmer.fi\/?page_id=1561","title":{"rendered":"Ajanvaraus"},"content":{"rendered":"\t\t<div data-elementor-type=\"wp-page\" data-elementor-id=\"1561\" class=\"elementor elementor-1561\" data-elementor-post-type=\"page\">\n\t\t\t\t\t\t<section class=\"elementor-section elementor-top-section elementor-element elementor-element-64a9520 elementor-section-boxed elementor-section-height-default elementor-section-height-default\" data-id=\"64a9520\" data-element_type=\"section\">\n\t\t\t\t\t\t<div class=\"elementor-container elementor-column-gap-default\">\n\t\t\t\t\t<div class=\"elementor-column elementor-col-100 elementor-top-column elementor-element elementor-element-5549512\" data-id=\"5549512\" data-element_type=\"column\">\n\t\t\t<div class=\"elementor-widget-wrap elementor-element-populated\">\n\t\t\t\t\t\t<div class=\"elementor-element elementor-element-ec47710 elementor-widget elementor-widget-text-editor\" data-id=\"ec47710\" data-element_type=\"widget\" data-widget_type=\"text-editor.default\">\n\t\t\t\t<div class=\"elementor-widget-container\">\n\t\t\t\t\t\t\t\t\t<p>Mik\u00e4li et l\u00f6yd\u00e4 sinulle sopivaa aikaa, ota yhteytt\u00e4 s\u00e4hk\u00f6postitse <a href=\"mailto:info@studioshimmer.fi\">info@studioshimmer.fi<\/a> ja autamme sinua mahdollisuuksien mukaan.\u00a0<\/p>\t\t\t\t\t\t\t\t<\/div>\n\t\t\t\t<\/div>\n\t\t\t\t\t<\/div>\n\t\t<\/div>\n\t\t\t\t\t<\/div>\n\t\t<\/section>\n\t\t\t\t<section class=\"elementor-section elementor-top-section elementor-element elementor-element-20f287a elementor-section-boxed elementor-section-height-default elementor-section-height-default\" data-id=\"20f287a\" data-element_type=\"section\">\n\t\t\t\t\t\t<div class=\"elementor-container elementor-column-gap-default\">\n\t\t\t\t\t<div class=\"elementor-column elementor-col-100 elementor-top-column elementor-element elementor-element-11d814c\" data-id=\"11d814c\" data-element_type=\"column\">\n\t\t\t<div class=\"elementor-widget-wrap elementor-element-populated\">\n\t\t\t\t\t\t<div class=\"elementor-element elementor-element-91b5f62 elementor-widget elementor-widget-html\" data-id=\"91b5f62\" data-element_type=\"widget\" data-widget_type=\"html.default\">\n\t\t\t\t<div class=\"elementor-widget-container\">\n\t\t\t\t\t<div class=\"booksalon-widget\" data-salon-id=\"studio-shimmer\" data-widget-height=\"auto\"><\/div>\t\t\t\t<\/div>\n\t\t\t\t<\/div>\n\t\t\t\t\t<\/div>\n\t\t<\/div>\n\t\t\t\t\t<\/div>\n\t\t<\/section>\n\t\t\t\t<\/div>\n\t\t","protected":false},"excerpt":{"rendered":"<p>Mik\u00e4li et l\u00f6yd\u00e4 sinulle sopivaa aikaa, ota yhteytt\u00e4 s\u00e4hk\u00f6postitse info@studioshimmer.fi ja autamme sinua mahdollisuuksien mukaan.\u00a0<\/p>\n","protected":false},"author":5,"featured_media":0,"parent":0,"menu_order":0,"comment_status":"closed","ping_status":"closed","template":"","meta":{"footnotes":""},"class_list":["post-1561","page","type-page","status-publish","hentry"],"_links":{"self":[{"href":"https:\/\/studioshimmer.fi\/index.php?rest_route=\/wp\/v2\/pages\/1561","targetHints":{"allow":["GET"]}}],"collection":[{"href":"https:\/\/studioshimmer.fi\/index.php?rest_route=\/wp\/v2\/pages"}],"about":[{"href":"https:\/\/studioshimmer.fi\/index.php?rest_route=\/wp\/v2\/types\/page"}],"author":[{"embeddable":true,"href":"https:\/\/studioshimmer.fi\/index.php?rest_route=\/wp\/v2\/users\/5"}],"replies":[{"embeddable":true,"href":"https:\/\/studioshimmer.fi\/index.php?rest_route=%2Fwp%2Fv2%2Fcomments&post=1561"}],"version-history":[{"count":20,"href":"https:\/\/studioshimmer.fi\/index.php?rest_route=\/wp\/v2\/pages\/1561\/revisions"}],"predecessor-version":[{"id":2895,"href":"https:\/\/studioshimmer.fi\/index.php?rest_route=\/wp\/v2\/pages\/1561\/revisions\/2895"}],"wp:attachment":[{"href":"https:\/\/studioshimmer.fi\/index.php?rest_route=%2Fwp%2Fv2%2Fmedia&parent=1561"}],"curies":[{"name":"wp","href":"https:\/\/api.w.org\/{rel}","templated":true}]}}